{"id":41,"date":"2019-03-06T10:40:14","date_gmt":"2019-03-06T09:40:14","guid":{"rendered":"https:\/\/www.djelec.eu\/?page_id=41"},"modified":"2021-03-12T11:16:31","modified_gmt":"2021-03-12T10:16:31","slug":"videosurveillance","status":"publish","type":"page","link":"https:\/\/www.djelec.eu\/?page_id=41","title":{"rendered":"VID\u00c9OSURVEILLANCE"},"content":{"rendered":"<p align=\"justify\">La vid\u00e9o surveillance est un syst\u00e8me qui utilise une ou plusieurs cam\u00e9ras dans un b\u00e2timent afin de le surveiller. La vid\u00e9o surveillance assure certainement la s\u00e9curit\u00e9 de vos b\u00e2timent. Elle permet de vous assurer en temps r\u00e9el de ce qu&rsquo;il se passe dans vos locaux et de r\u00e9agir le plus rapidement possible en cas d&rsquo;intrusion. Gr\u00e2ce a son effet dissuasif, elle apporte un plus niveau s\u00e9curit\u00e9. La vid\u00e9o surveillance a su montrer son efficacit\u00e9 au fils des ann\u00e9es.<\/p>\n<p align=\"justify\">La vid\u00e9o surveillance a elle aussi \u00e9voluer avec le temps et, surtout gr\u00e2ce a l&rsquo;arriv\u00e9 du num\u00e9rique et internet :<\/p>\n<div align=\"justify\">\n<ul>\n<li>Visionnage en temps r\u00e9el<\/li>\n<li>Enregistrement de la vid\u00e9o<\/li>\n<li>Surveillance \u00e0 distance<\/li>\n<li>Accessible en temps r\u00e9el \u00e0 partir d&rsquo; une tablette ou un smartphone<\/li>\n<\/ul>\n<\/div>\n<p align=\"justify\">Les cam\u00e9ras d&rsquo;aujourd&rsquo;hui sont \u00e9galement mobiles, cela vous permet de surveiller de plus grande surface. Elles sont reli\u00e9es a un ou plusieurs \u00e9crans mais la vid\u00e9o surveillance vous permet \u00e9galement de visionner \u00e0 distance et d&rsquo;enregistrer la vid\u00e9o.<\/p>\n<p align=\"justify\"><span style=\"color: #ffffff;\">.<\/span><\/p>\n<p style=\"text-align: left;\" align=\"justify\"><a href=\"https:\/\/www.djelec.eu\/wp-content\/uploads\/2021\/03\/1541344357-hikvision-top-5-picks2.png\"><img fetchpriority=\"high\" decoding=\"async\" class=\"alignnone wp-image-509 size-full\" src=\"https:\/\/www.djelec.eu\/wp-content\/uploads\/2021\/03\/1541344357-hikvision-top-5-picks2.png\" alt=\"\" width=\"640\" height=\"400\" srcset=\"https:\/\/www.djelec.eu\/wp-content\/uploads\/2021\/03\/1541344357-hikvision-top-5-picks2.png 640w, https:\/\/www.djelec.eu\/wp-content\/uploads\/2021\/03\/1541344357-hikvision-top-5-picks2-300x188.png 300w\" sizes=\"(max-width: 640px) 100vw, 640px\" \/><\/a><br \/>\n<a href=\"https:\/\/www.hikvision.com\/fr\/\" target=\"_blank\" rel=\"noopener noreferrer\">Cliquer pour acc\u00e9der site constructeur<\/a><\/p>\n<p align=\"justify\"><a href=\"https:\/\/www.djelec.eu\/wp-content\/uploads\/2021\/03\/Dahua.jpg\"><img decoding=\"async\" class=\"alignnone size-medium wp-image-551\" src=\"https:\/\/www.djelec.eu\/wp-content\/uploads\/2021\/03\/Dahua-300x180.jpg\" alt=\"\" width=\"300\" height=\"180\" srcset=\"https:\/\/www.djelec.eu\/wp-content\/uploads\/2021\/03\/Dahua-300x180.jpg 300w, https:\/\/www.djelec.eu\/wp-content\/uploads\/2021\/03\/Dahua-768x461.jpg 768w, https:\/\/www.djelec.eu\/wp-content\/uploads\/2021\/03\/Dahua-1024x614.jpg 1024w, https:\/\/www.djelec.eu\/wp-content\/uploads\/2021\/03\/Dahua.jpg 1417w\" sizes=\"(max-width: 300px) 100vw, 300px\" \/><\/a><br \/>\n<a href=\"https:\/\/www.dahuasecurity.com\/\" target=\"_blank\" rel=\"noopener noreferrer\">Cliquer pour acc\u00e9der site constructeur<\/a><\/p>\n<p align=\"justify\"><span style=\"color: #ffffff;\">.<\/span><\/p>\n<p align=\"justify\"><span style=\"color: #ffffff;\">.<\/span><\/p>\n<p align=\"justify\"><iframe width=\"560\" height=\"314\" src=\"\/\/www.youtube.com\/embed\/cap3fzXGHcU#action=share\"><\/iframe><\/p>\n<p align=\"justify\"><span style=\"color: #ff0000;\"><strong>Parlez de nous sur vos r\u00e9seaux sociaux favoris :<\/strong><\/span><\/p>\n","protected":false},"excerpt":{"rendered":"<p>La vid\u00e9o surveillance est un syst\u00e8me qui utilise une ou plusieurs cam\u00e9ras dans un b\u00e2timent afin de le surveiller. La vid\u00e9o surveillance assure certainement la s\u00e9curit\u00e9 de vos b\u00e2timent. Elle permet de vous assurer en temps r\u00e9el de ce qu&rsquo;il &hellip; <a href=\"https:\/\/www.djelec.eu\/?page_id=41\">Read more<\/a><\/p>\n","protected":false},"author":1,"featured_media":0,"parent":0,"menu_order":0,"comment_status":"closed","ping_status":"closed","template":"","meta":{"footnotes":""},"class_list":["post-41","page","type-page","status-publish","hentry"],"yoast_head":"<!-- This site is optimized with the Yoast SEO plugin v26.3 - https:\/\/yoast.com\/wordpress\/plugins\/seo\/ -->\n<title>VID\u00c9OSURVEILLANCE - D&amp;J Electricit\u00e9<\/title>\n<meta name=\"robots\" content=\"index, follow, max-snippet:-1, max-image-preview:large, max-video-preview:-1\" \/>\n<link rel=\"canonical\" href=\"https:\/\/www.djelec.eu\/?page_id=41\" \/>\n<meta property=\"og:locale\" content=\"fr_FR\" \/>\n<meta property=\"og:type\" content=\"article\" \/>\n<meta property=\"og:title\" content=\"VID\u00c9OSURVEILLANCE - D&amp;J Electricit\u00e9\" \/>\n<meta property=\"og:description\" content=\"La vid\u00e9o surveillance est un syst\u00e8me qui utilise une ou plusieurs cam\u00e9ras dans un b\u00e2timent afin de le surveiller. La vid\u00e9o surveillance assure certainement la s\u00e9curit\u00e9 de vos b\u00e2timent. Elle permet de vous assurer en temps r\u00e9el de ce qu&rsquo;il &hellip; Read more\" \/>\n<meta property=\"og:url\" content=\"https:\/\/www.djelec.eu\/?page_id=41\" \/>\n<meta property=\"og:site_name\" content=\"D&amp;J Electricit\u00e9\" \/>\n<meta property=\"article:publisher\" content=\"https:\/\/www.facebook.com\/djelecantibes\" \/>\n<meta property=\"article:modified_time\" content=\"2021-03-12T10:16:31+00:00\" \/>\n<meta property=\"og:image\" content=\"https:\/\/www.djelec.eu\/wp-content\/uploads\/2021\/03\/1541344357-hikvision-top-5-picks2.png\" \/>\n\t<meta property=\"og:image:width\" content=\"640\" \/>\n\t<meta property=\"og:image:height\" content=\"400\" \/>\n\t<meta property=\"og:image:type\" content=\"image\/png\" \/>\n<meta name=\"twitter:card\" content=\"summary_large_image\" \/>\n<meta name=\"twitter:label1\" content=\"Dur\u00e9e de lecture estim\u00e9e\" \/>\n\t<meta name=\"twitter:data1\" content=\"1 minute\" \/>\n<script type=\"application\/ld+json\" class=\"yoast-schema-graph\">{\"@context\":\"https:\/\/schema.org\",\"@graph\":[{\"@type\":\"WebPage\",\"@id\":\"https:\/\/www.djelec.eu\/?page_id=41\",\"url\":\"https:\/\/www.djelec.eu\/?page_id=41\",\"name\":\"VID\u00c9OSURVEILLANCE - D&amp;J Electricit\u00e9\",\"isPartOf\":{\"@id\":\"https:\/\/www.djelec.eu\/#website\"},\"primaryImageOfPage\":{\"@id\":\"https:\/\/www.djelec.eu\/?page_id=41#primaryimage\"},\"image\":{\"@id\":\"https:\/\/www.djelec.eu\/?page_id=41#primaryimage\"},\"thumbnailUrl\":\"https:\/\/www.djelec.eu\/wp-content\/uploads\/2021\/03\/1541344357-hikvision-top-5-picks2.png\",\"datePublished\":\"2019-03-06T09:40:14+00:00\",\"dateModified\":\"2021-03-12T10:16:31+00:00\",\"breadcrumb\":{\"@id\":\"https:\/\/www.djelec.eu\/?page_id=41#breadcrumb\"},\"inLanguage\":\"fr-FR\",\"potentialAction\":[{\"@type\":\"ReadAction\",\"target\":[\"https:\/\/www.djelec.eu\/?page_id=41\"]}]},{\"@type\":\"ImageObject\",\"inLanguage\":\"fr-FR\",\"@id\":\"https:\/\/www.djelec.eu\/?page_id=41#primaryimage\",\"url\":\"https:\/\/www.djelec.eu\/wp-content\/uploads\/2021\/03\/1541344357-hikvision-top-5-picks2.png\",\"contentUrl\":\"https:\/\/www.djelec.eu\/wp-content\/uploads\/2021\/03\/1541344357-hikvision-top-5-picks2.png\"},{\"@type\":\"BreadcrumbList\",\"@id\":\"https:\/\/www.djelec.eu\/?page_id=41#breadcrumb\",\"itemListElement\":[{\"@type\":\"ListItem\",\"position\":1,\"name\":\"Accueil\",\"item\":\"https:\/\/www.djelec.eu\/\"},{\"@type\":\"ListItem\",\"position\":2,\"name\":\"VID\u00c9OSURVEILLANCE\"}]},{\"@type\":\"WebSite\",\"@id\":\"https:\/\/www.djelec.eu\/#website\",\"url\":\"https:\/\/www.djelec.eu\/\",\"name\":\"D&amp;J Electricit\u00e9\",\"description\":\"Installation et r\u00e9novation, professionnels et particuliers\",\"publisher\":{\"@id\":\"https:\/\/www.djelec.eu\/#organization\"},\"potentialAction\":[{\"@type\":\"SearchAction\",\"target\":{\"@type\":\"EntryPoint\",\"urlTemplate\":\"https:\/\/www.djelec.eu\/?s={search_term_string}\"},\"query-input\":{\"@type\":\"PropertyValueSpecification\",\"valueRequired\":true,\"valueName\":\"search_term_string\"}}],\"inLanguage\":\"fr-FR\"},{\"@type\":\"Organization\",\"@id\":\"https:\/\/www.djelec.eu\/#organization\",\"name\":\"D&J Electricit\u00e9\",\"url\":\"https:\/\/www.djelec.eu\/\",\"logo\":{\"@type\":\"ImageObject\",\"inLanguage\":\"fr-FR\",\"@id\":\"https:\/\/www.djelec.eu\/#\/schema\/logo\/image\/\",\"url\":\"https:\/\/www.djelec.eu\/wp-content\/uploads\/2019\/03\/logo-1.jpg\",\"contentUrl\":\"https:\/\/www.djelec.eu\/wp-content\/uploads\/2019\/03\/logo-1.jpg\",\"width\":325,\"height\":120,\"caption\":\"D&J Electricit\u00e9\"},\"image\":{\"@id\":\"https:\/\/www.djelec.eu\/#\/schema\/logo\/image\/\"},\"sameAs\":[\"https:\/\/www.facebook.com\/djelecantibes\",\"https:\/\/www.linkedin.com\/in\/david-quintela-56000427\/?originalSubdomain=fr\"]}]}<\/script>\n<!-- \/ Yoast SEO plugin. -->","yoast_head_json":{"title":"VID\u00c9OSURVEILLANCE - D&amp;J Electricit\u00e9","robots":{"index":"index","follow":"follow","max-snippet":"max-snippet:-1","max-image-preview":"max-image-preview:large","max-video-preview":"max-video-preview:-1"},"canonical":"https:\/\/www.djelec.eu\/?page_id=41","og_locale":"fr_FR","og_type":"article","og_title":"VID\u00c9OSURVEILLANCE - D&amp;J Electricit\u00e9","og_description":"La vid\u00e9o surveillance est un syst\u00e8me qui utilise une ou plusieurs cam\u00e9ras dans un b\u00e2timent afin de le surveiller. La vid\u00e9o surveillance assure certainement la s\u00e9curit\u00e9 de vos b\u00e2timent. Elle permet de vous assurer en temps r\u00e9el de ce qu&rsquo;il &hellip; Read more","og_url":"https:\/\/www.djelec.eu\/?page_id=41","og_site_name":"D&amp;J Electricit\u00e9","article_publisher":"https:\/\/www.facebook.com\/djelecantibes","article_modified_time":"2021-03-12T10:16:31+00:00","og_image":[{"width":640,"height":400,"url":"https:\/\/www.djelec.eu\/wp-content\/uploads\/2021\/03\/1541344357-hikvision-top-5-picks2.png","type":"image\/png"}],"twitter_card":"summary_large_image","twitter_misc":{"Dur\u00e9e de lecture estim\u00e9e":"1 minute"},"schema":{"@context":"https:\/\/schema.org","@graph":[{"@type":"WebPage","@id":"https:\/\/www.djelec.eu\/?page_id=41","url":"https:\/\/www.djelec.eu\/?page_id=41","name":"VID\u00c9OSURVEILLANCE - D&amp;J Electricit\u00e9","isPartOf":{"@id":"https:\/\/www.djelec.eu\/#website"},"primaryImageOfPage":{"@id":"https:\/\/www.djelec.eu\/?page_id=41#primaryimage"},"image":{"@id":"https:\/\/www.djelec.eu\/?page_id=41#primaryimage"},"thumbnailUrl":"https:\/\/www.djelec.eu\/wp-content\/uploads\/2021\/03\/1541344357-hikvision-top-5-picks2.png","datePublished":"2019-03-06T09:40:14+00:00","dateModified":"2021-03-12T10:16:31+00:00","breadcrumb":{"@id":"https:\/\/www.djelec.eu\/?page_id=41#breadcrumb"},"inLanguage":"fr-FR","potentialAction":[{"@type":"ReadAction","target":["https:\/\/www.djelec.eu\/?page_id=41"]}]},{"@type":"ImageObject","inLanguage":"fr-FR","@id":"https:\/\/www.djelec.eu\/?page_id=41#primaryimage","url":"https:\/\/www.djelec.eu\/wp-content\/uploads\/2021\/03\/1541344357-hikvision-top-5-picks2.png","contentUrl":"https:\/\/www.djelec.eu\/wp-content\/uploads\/2021\/03\/1541344357-hikvision-top-5-picks2.png"},{"@type":"BreadcrumbList","@id":"https:\/\/www.djelec.eu\/?page_id=41#breadcrumb","itemListElement":[{"@type":"ListItem","position":1,"name":"Accueil","item":"https:\/\/www.djelec.eu\/"},{"@type":"ListItem","position":2,"name":"VID\u00c9OSURVEILLANCE"}]},{"@type":"WebSite","@id":"https:\/\/www.djelec.eu\/#website","url":"https:\/\/www.djelec.eu\/","name":"D&amp;J Electricit\u00e9","description":"Installation et r\u00e9novation, professionnels et particuliers","publisher":{"@id":"https:\/\/www.djelec.eu\/#organization"},"potentialAction":[{"@type":"SearchAction","target":{"@type":"EntryPoint","urlTemplate":"https:\/\/www.djelec.eu\/?s={search_term_string}"},"query-input":{"@type":"PropertyValueSpecification","valueRequired":true,"valueName":"search_term_string"}}],"inLanguage":"fr-FR"},{"@type":"Organization","@id":"https:\/\/www.djelec.eu\/#organization","name":"D&J Electricit\u00e9","url":"https:\/\/www.djelec.eu\/","logo":{"@type":"ImageObject","inLanguage":"fr-FR","@id":"https:\/\/www.djelec.eu\/#\/schema\/logo\/image\/","url":"https:\/\/www.djelec.eu\/wp-content\/uploads\/2019\/03\/logo-1.jpg","contentUrl":"https:\/\/www.djelec.eu\/wp-content\/uploads\/2019\/03\/logo-1.jpg","width":325,"height":120,"caption":"D&J Electricit\u00e9"},"image":{"@id":"https:\/\/www.djelec.eu\/#\/schema\/logo\/image\/"},"sameAs":["https:\/\/www.facebook.com\/djelecantibes","https:\/\/www.linkedin.com\/in\/david-quintela-56000427\/?originalSubdomain=fr"]}]}},"_links":{"self":[{"href":"https:\/\/www.djelec.eu\/index.php?rest_route=\/wp\/v2\/pages\/41","targetHints":{"allow":["GET"]}}],"collection":[{"href":"https:\/\/www.djelec.eu\/index.php?rest_route=\/wp\/v2\/pages"}],"about":[{"href":"https:\/\/www.djelec.eu\/index.php?rest_route=\/wp\/v2\/types\/page"}],"author":[{"embeddable":true,"href":"https:\/\/www.djelec.eu\/index.php?rest_route=\/wp\/v2\/users\/1"}],"replies":[{"embeddable":true,"href":"https:\/\/www.djelec.eu\/index.php?rest_route=%2Fwp%2Fv2%2Fcomments&post=41"}],"version-history":[{"count":5,"href":"https:\/\/www.djelec.eu\/index.php?rest_route=\/wp\/v2\/pages\/41\/revisions"}],"predecessor-version":[{"id":566,"href":"https:\/\/www.djelec.eu\/index.php?rest_route=\/wp\/v2\/pages\/41\/revisions\/566"}],"wp:attachment":[{"href":"https:\/\/www.djelec.eu\/index.php?rest_route=%2Fwp%2Fv2%2Fmedia&parent=41"}],"curies":[{"name":"wp","href":"https:\/\/api.w.org\/{rel}","templated":true}]}}