{"id":33,"date":"2019-03-06T10:14:13","date_gmt":"2019-03-06T09:14:13","guid":{"rendered":"https:\/\/www.djelec.eu\/?page_id=33"},"modified":"2021-03-11T08:23:22","modified_gmt":"2021-03-11T07:23:22","slug":"detecteur-de-fumee","status":"publish","type":"page","link":"https:\/\/www.djelec.eu\/?page_id=33","title":{"rendered":"D\u00c9TECTEUR DE FUM\u00c9E"},"content":{"rendered":"<p class=\"Style3\" align=\"justify\"><strong>INFORMATION pour le 1 Mars 2015<\/strong><\/p>\n<blockquote>\n<p class=\"Style3\" align=\"justify\"><em><span style=\"font-size: 12px;\">Sur les obligations des propri\u00e9taires pour leurs appartements<\/span><\/em><br \/>\n<em><span style=\"font-size: 12px;\">Installation obligatoire des d\u00e9tecteurs de fum\u00e9es<\/span><\/em><br \/>\n<em><span style=\"font-size: 12px;\">Le d\u00e9cret n\u00b0 2011-36 publi\u00e9 au journal officiel le 10 janvier 2011 oblige tout propri\u00e9taire ou locataire occupant le logement \u00e0 faire installer au moins un DAF (D\u00e9tecteur Autonome Avertisseur de Fum\u00e9e) pour prot\u00e9ger les occupants et leurs biens des risques d&rsquo;incendie.<\/span><\/em><\/p>\n<\/blockquote>\n<h3 class=\"Style3\"><strong><span style=\"font-size: 16px;\">Logements concern\u00e9s :<\/span><\/strong><\/h3>\n<p class=\"Style3\">Tous les locaux \u00e0 usage d&rsquo;habitation sont concern\u00e9s par cette nouvelle obligation, qu&rsquo;il s&rsquo;agisse de r\u00e9sidence principale ou secondaire, d&rsquo;immeubles collectifs ou de maisons particuli\u00e8res, d&rsquo;un usage exclusif ou partiel.\u00a0Pr\u00e9cision importante : la loi n&rsquo;impose l&rsquo;installation que d&rsquo;un seul d\u00e9tecteur de fum\u00e9e par logement.<\/p>\n<h3 class=\"Style3\"><strong><span style=\"font-size: 16px;\">Locataire ou propri\u00e9taire ?<\/span><\/strong><\/h3>\n<p class=\"Style3\">C&rsquo;est au propri\u00e9taire du logement qu&rsquo;il incombe d&rsquo;installer le d\u00e9tecteur de fum\u00e9e, qu&rsquo;il soit propri\u00e9taire bailleur ou occupant. En cas de location, c&rsquo;est donc lui qui doit installer l&rsquo;appareil \u00e0 ses frais. Lors de l&rsquo;\u00e9tat des lieux, le bailleur doit notamment v\u00e9rifier le bon fonctionnement de l&rsquo;appareil.<br \/>\nSi l&rsquo;obligation d&rsquo;installation incombe du bailleur, en revanche, c&rsquo;est au locataire qu&rsquo;il incombe de veiller \u00e0 l&rsquo;entretien de l&rsquo;appareil. C&rsquo;est donc lui qui doit \u00e9ventuellement changer les piles de l&rsquo;appareil ou remplacer ce dernier.<br \/>\nDans les\u00a0locations saisonni\u00e8res, les locations meubl\u00e9es et les logements de fonction, les d\u00e9tecteurs de fum\u00e9e doivent \u00e9galement \u00eatre install\u00e9s par le propri\u00e9taire.<\/p>\n<p class=\"Style3\" align=\"justify\"><strong>Quelques chiffres<\/strong>\u00a0:<\/p>\n<p class=\"Style3\" align=\"justify\">Chaque ann\u00e9e 250 000 incendies domestiques sont d\u00e9clar\u00e9s aux compagnies d&rsquo;assurance soit 1 incendie toutes les 2 minutes.<\/p>\n<p class=\"Style3\" align=\"justify\">En France plus de 800 personnes perdent la vie dans des incendies et 10000 sont gravement bless\u00e9es L&rsquo;installation de d\u00e9tecteurs autonomes avertisseurs de fum\u00e9es (DAF) dans les habitations permet de diminuer significativement le nombre d&rsquo;incendie et de sauver des vies.<\/p>\n<p class=\"Style3\" align=\"justify\">Le d\u00e9cret fixe les exigences auquel doit r\u00e9pondre le d\u00e9tecteur de fum\u00e9e, les conditions de son installation, son entretien et son fonctionnement.<\/p>\n<p>Votre soci\u00e9t\u00e9\u00a0<span style=\"color: #ff0000;\"><strong>D&amp;J Electricit\u00e9<\/strong><\/span> vous propose un forfait tout compris pour l&rsquo;installation de d\u00e9tecteur de fum\u00e9e. Pour toutes informations contactez nous.<\/p>\n<p>&nbsp;<\/p>\n<p><a href=\"https:\/\/www.djelec.eu\/wp-content\/uploads\/2021\/03\/detecteur3ans.jpg\"><img fetchpriority=\"high\" decoding=\"async\" class=\"alignnone size-medium wp-image-513\" src=\"https:\/\/www.djelec.eu\/wp-content\/uploads\/2021\/03\/detecteur3ans-300x300.jpg\" alt=\"\" width=\"300\" height=\"300\" srcset=\"https:\/\/www.djelec.eu\/wp-content\/uploads\/2021\/03\/detecteur3ans-300x300.jpg 300w, https:\/\/www.djelec.eu\/wp-content\/uploads\/2021\/03\/detecteur3ans-150x150.jpg 150w, https:\/\/www.djelec.eu\/wp-content\/uploads\/2021\/03\/detecteur3ans.jpg 350w\" sizes=\"(max-width: 300px) 100vw, 300px\" \/><\/a><\/p>\n<p>&nbsp;<\/p>\n<p><em>D\u00e9tecteur de marque Legrand NF Garantie 10 Ans.<\/em><\/p>\n<p><a href=\"https:\/\/www.djelec.eu\/wp-content\/uploads\/2021\/03\/detecteur1.jpeg\"><img decoding=\"async\" class=\"alignnone wp-image-512\" src=\"https:\/\/www.djelec.eu\/wp-content\/uploads\/2021\/03\/detecteur1-300x300.jpeg\" alt=\"\" width=\"240\" height=\"255\" \/><\/a><\/p>\n<p><em>D\u00e9tecteur de marque Legrand ou \u00e9quivalent produit NF Garantie 3 Ans.<\/em><\/p>\n<p><a href=\"https:\/\/www.djelec.eu\/wp-content\/uploads\/2021\/03\/detecteur-de-fumee-delta-1.jpg\"><img decoding=\"async\" class=\"alignnone size-medium wp-image-516\" src=\"https:\/\/www.djelec.eu\/wp-content\/uploads\/2021\/03\/detecteur-de-fumee-delta-1-298x300.jpg\" alt=\"\" width=\"298\" height=\"300\" srcset=\"https:\/\/www.djelec.eu\/wp-content\/uploads\/2021\/03\/detecteur-de-fumee-delta-1-298x300.jpg 298w, https:\/\/www.djelec.eu\/wp-content\/uploads\/2021\/03\/detecteur-de-fumee-delta-1-150x150.jpg 150w, https:\/\/www.djelec.eu\/wp-content\/uploads\/2021\/03\/detecteur-de-fumee-delta-1.jpg 550w\" sizes=\"(max-width: 298px) 100vw, 298px\" \/><\/a><\/p>\n<p>D\u00e9tecteur de fum\u00e9e DELTA DORE<br \/>\nPr\u00e9vention \u00e0 distance des risques d&rsquo;incendie avec un appel du transmetteur, Permet l&rsquo;ouverture des volets roulants motoris\u00e9s en cas de d\u00e9tection de fum\u00e9e<\/p>\n<p>&nbsp;<\/p>\n<p><span style=\"color: #ff0000;\"><strong>Parlez de nous sur vos r\u00e9seaux sociaux favoris :<\/strong><\/span><\/p>\n<p>&nbsp;<\/p>\n","protected":false},"excerpt":{"rendered":"<p>INFORMATION pour le 1 Mars 2015 Sur les obligations des propri\u00e9taires pour leurs appartements Installation obligatoire des d\u00e9tecteurs de fum\u00e9es Le d\u00e9cret n\u00b0 2011-36 publi\u00e9 au journal officiel le 10 janvier 2011 oblige tout propri\u00e9taire ou locataire occupant le logement &hellip; <a href=\"https:\/\/www.djelec.eu\/?page_id=33\">Read more<\/a><\/p>\n","protected":false},"author":1,"featured_media":0,"parent":0,"menu_order":0,"comment_status":"closed","ping_status":"closed","template":"","meta":{"footnotes":""},"class_list":["post-33","page","type-page","status-publish","hentry"],"yoast_head":"<!-- This site is optimized with the Yoast SEO plugin v26.3 - https:\/\/yoast.com\/wordpress\/plugins\/seo\/ -->\n<title>D\u00c9TECTEUR DE FUM\u00c9E - D&amp;J Electricit\u00e9<\/title>\n<meta name=\"robots\" content=\"index, follow, max-snippet:-1, max-image-preview:large, max-video-preview:-1\" \/>\n<link rel=\"canonical\" href=\"https:\/\/www.djelec.eu\/?page_id=33\" \/>\n<meta property=\"og:locale\" content=\"fr_FR\" \/>\n<meta property=\"og:type\" content=\"article\" \/>\n<meta property=\"og:title\" content=\"D\u00c9TECTEUR DE FUM\u00c9E - D&amp;J Electricit\u00e9\" \/>\n<meta property=\"og:description\" content=\"INFORMATION pour le 1 Mars 2015 Sur les obligations des propri\u00e9taires pour leurs appartements Installation obligatoire des d\u00e9tecteurs de fum\u00e9es Le d\u00e9cret n\u00b0 2011-36 publi\u00e9 au journal officiel le 10 janvier 2011 oblige tout propri\u00e9taire ou locataire occupant le logement &hellip; Read more\" \/>\n<meta property=\"og:url\" content=\"https:\/\/www.djelec.eu\/?page_id=33\" \/>\n<meta property=\"og:site_name\" content=\"D&amp;J Electricit\u00e9\" \/>\n<meta property=\"article:publisher\" content=\"https:\/\/www.facebook.com\/djelecantibes\" \/>\n<meta property=\"article:modified_time\" content=\"2021-03-11T07:23:22+00:00\" \/>\n<meta property=\"og:image\" content=\"https:\/\/www.djelec.eu\/wp-content\/uploads\/2021\/03\/detecteur3ans.jpg\" \/>\n\t<meta property=\"og:image:width\" content=\"350\" \/>\n\t<meta property=\"og:image:height\" content=\"350\" \/>\n\t<meta property=\"og:image:type\" content=\"image\/jpeg\" \/>\n<meta name=\"twitter:card\" content=\"summary_large_image\" \/>\n<meta name=\"twitter:label1\" content=\"Dur\u00e9e de lecture estim\u00e9e\" \/>\n\t<meta name=\"twitter:data1\" content=\"2 minutes\" \/>\n<script type=\"application\/ld+json\" class=\"yoast-schema-graph\">{\"@context\":\"https:\/\/schema.org\",\"@graph\":[{\"@type\":\"WebPage\",\"@id\":\"https:\/\/www.djelec.eu\/?page_id=33\",\"url\":\"https:\/\/www.djelec.eu\/?page_id=33\",\"name\":\"D\u00c9TECTEUR DE FUM\u00c9E - D&amp;J Electricit\u00e9\",\"isPartOf\":{\"@id\":\"https:\/\/www.djelec.eu\/#website\"},\"primaryImageOfPage\":{\"@id\":\"https:\/\/www.djelec.eu\/?page_id=33#primaryimage\"},\"image\":{\"@id\":\"https:\/\/www.djelec.eu\/?page_id=33#primaryimage\"},\"thumbnailUrl\":\"https:\/\/www.djelec.eu\/wp-content\/uploads\/2021\/03\/detecteur3ans-300x300.jpg\",\"datePublished\":\"2019-03-06T09:14:13+00:00\",\"dateModified\":\"2021-03-11T07:23:22+00:00\",\"breadcrumb\":{\"@id\":\"https:\/\/www.djelec.eu\/?page_id=33#breadcrumb\"},\"inLanguage\":\"fr-FR\",\"potentialAction\":[{\"@type\":\"ReadAction\",\"target\":[\"https:\/\/www.djelec.eu\/?page_id=33\"]}]},{\"@type\":\"ImageObject\",\"inLanguage\":\"fr-FR\",\"@id\":\"https:\/\/www.djelec.eu\/?page_id=33#primaryimage\",\"url\":\"https:\/\/www.djelec.eu\/wp-content\/uploads\/2021\/03\/detecteur3ans.jpg\",\"contentUrl\":\"https:\/\/www.djelec.eu\/wp-content\/uploads\/2021\/03\/detecteur3ans.jpg\",\"width\":350,\"height\":350},{\"@type\":\"BreadcrumbList\",\"@id\":\"https:\/\/www.djelec.eu\/?page_id=33#breadcrumb\",\"itemListElement\":[{\"@type\":\"ListItem\",\"position\":1,\"name\":\"Accueil\",\"item\":\"https:\/\/www.djelec.eu\/\"},{\"@type\":\"ListItem\",\"position\":2,\"name\":\"D\u00c9TECTEUR DE FUM\u00c9E\"}]},{\"@type\":\"WebSite\",\"@id\":\"https:\/\/www.djelec.eu\/#website\",\"url\":\"https:\/\/www.djelec.eu\/\",\"name\":\"D&amp;J Electricit\u00e9\",\"description\":\"Installation et r\u00e9novation, professionnels et particuliers\",\"publisher\":{\"@id\":\"https:\/\/www.djelec.eu\/#organization\"},\"potentialAction\":[{\"@type\":\"SearchAction\",\"target\":{\"@type\":\"EntryPoint\",\"urlTemplate\":\"https:\/\/www.djelec.eu\/?s={search_term_string}\"},\"query-input\":{\"@type\":\"PropertyValueSpecification\",\"valueRequired\":true,\"valueName\":\"search_term_string\"}}],\"inLanguage\":\"fr-FR\"},{\"@type\":\"Organization\",\"@id\":\"https:\/\/www.djelec.eu\/#organization\",\"name\":\"D&J Electricit\u00e9\",\"url\":\"https:\/\/www.djelec.eu\/\",\"logo\":{\"@type\":\"ImageObject\",\"inLanguage\":\"fr-FR\",\"@id\":\"https:\/\/www.djelec.eu\/#\/schema\/logo\/image\/\",\"url\":\"https:\/\/www.djelec.eu\/wp-content\/uploads\/2019\/03\/logo-1.jpg\",\"contentUrl\":\"https:\/\/www.djelec.eu\/wp-content\/uploads\/2019\/03\/logo-1.jpg\",\"width\":325,\"height\":120,\"caption\":\"D&J Electricit\u00e9\"},\"image\":{\"@id\":\"https:\/\/www.djelec.eu\/#\/schema\/logo\/image\/\"},\"sameAs\":[\"https:\/\/www.facebook.com\/djelecantibes\",\"https:\/\/www.linkedin.com\/in\/david-quintela-56000427\/?originalSubdomain=fr\"]}]}<\/script>\n<!-- \/ Yoast SEO plugin. -->","yoast_head_json":{"title":"D\u00c9TECTEUR DE FUM\u00c9E - D&amp;J Electricit\u00e9","robots":{"index":"index","follow":"follow","max-snippet":"max-snippet:-1","max-image-preview":"max-image-preview:large","max-video-preview":"max-video-preview:-1"},"canonical":"https:\/\/www.djelec.eu\/?page_id=33","og_locale":"fr_FR","og_type":"article","og_title":"D\u00c9TECTEUR DE FUM\u00c9E - D&amp;J Electricit\u00e9","og_description":"INFORMATION pour le 1 Mars 2015 Sur les obligations des propri\u00e9taires pour leurs appartements Installation obligatoire des d\u00e9tecteurs de fum\u00e9es Le d\u00e9cret n\u00b0 2011-36 publi\u00e9 au journal officiel le 10 janvier 2011 oblige tout propri\u00e9taire ou locataire occupant le logement &hellip; Read more","og_url":"https:\/\/www.djelec.eu\/?page_id=33","og_site_name":"D&amp;J Electricit\u00e9","article_publisher":"https:\/\/www.facebook.com\/djelecantibes","article_modified_time":"2021-03-11T07:23:22+00:00","og_image":[{"width":350,"height":350,"url":"https:\/\/www.djelec.eu\/wp-content\/uploads\/2021\/03\/detecteur3ans.jpg","type":"image\/jpeg"}],"twitter_card":"summary_large_image","twitter_misc":{"Dur\u00e9e de lecture estim\u00e9e":"2 minutes"},"schema":{"@context":"https:\/\/schema.org","@graph":[{"@type":"WebPage","@id":"https:\/\/www.djelec.eu\/?page_id=33","url":"https:\/\/www.djelec.eu\/?page_id=33","name":"D\u00c9TECTEUR DE FUM\u00c9E - D&amp;J Electricit\u00e9","isPartOf":{"@id":"https:\/\/www.djelec.eu\/#website"},"primaryImageOfPage":{"@id":"https:\/\/www.djelec.eu\/?page_id=33#primaryimage"},"image":{"@id":"https:\/\/www.djelec.eu\/?page_id=33#primaryimage"},"thumbnailUrl":"https:\/\/www.djelec.eu\/wp-content\/uploads\/2021\/03\/detecteur3ans-300x300.jpg","datePublished":"2019-03-06T09:14:13+00:00","dateModified":"2021-03-11T07:23:22+00:00","breadcrumb":{"@id":"https:\/\/www.djelec.eu\/?page_id=33#breadcrumb"},"inLanguage":"fr-FR","potentialAction":[{"@type":"ReadAction","target":["https:\/\/www.djelec.eu\/?page_id=33"]}]},{"@type":"ImageObject","inLanguage":"fr-FR","@id":"https:\/\/www.djelec.eu\/?page_id=33#primaryimage","url":"https:\/\/www.djelec.eu\/wp-content\/uploads\/2021\/03\/detecteur3ans.jpg","contentUrl":"https:\/\/www.djelec.eu\/wp-content\/uploads\/2021\/03\/detecteur3ans.jpg","width":350,"height":350},{"@type":"BreadcrumbList","@id":"https:\/\/www.djelec.eu\/?page_id=33#breadcrumb","itemListElement":[{"@type":"ListItem","position":1,"name":"Accueil","item":"https:\/\/www.djelec.eu\/"},{"@type":"ListItem","position":2,"name":"D\u00c9TECTEUR DE FUM\u00c9E"}]},{"@type":"WebSite","@id":"https:\/\/www.djelec.eu\/#website","url":"https:\/\/www.djelec.eu\/","name":"D&amp;J Electricit\u00e9","description":"Installation et r\u00e9novation, professionnels et particuliers","publisher":{"@id":"https:\/\/www.djelec.eu\/#organization"},"potentialAction":[{"@type":"SearchAction","target":{"@type":"EntryPoint","urlTemplate":"https:\/\/www.djelec.eu\/?s={search_term_string}"},"query-input":{"@type":"PropertyValueSpecification","valueRequired":true,"valueName":"search_term_string"}}],"inLanguage":"fr-FR"},{"@type":"Organization","@id":"https:\/\/www.djelec.eu\/#organization","name":"D&J Electricit\u00e9","url":"https:\/\/www.djelec.eu\/","logo":{"@type":"ImageObject","inLanguage":"fr-FR","@id":"https:\/\/www.djelec.eu\/#\/schema\/logo\/image\/","url":"https:\/\/www.djelec.eu\/wp-content\/uploads\/2019\/03\/logo-1.jpg","contentUrl":"https:\/\/www.djelec.eu\/wp-content\/uploads\/2019\/03\/logo-1.jpg","width":325,"height":120,"caption":"D&J Electricit\u00e9"},"image":{"@id":"https:\/\/www.djelec.eu\/#\/schema\/logo\/image\/"},"sameAs":["https:\/\/www.facebook.com\/djelecantibes","https:\/\/www.linkedin.com\/in\/david-quintela-56000427\/?originalSubdomain=fr"]}]}},"_links":{"self":[{"href":"https:\/\/www.djelec.eu\/index.php?rest_route=\/wp\/v2\/pages\/33","targetHints":{"allow":["GET"]}}],"collection":[{"href":"https:\/\/www.djelec.eu\/index.php?rest_route=\/wp\/v2\/pages"}],"about":[{"href":"https:\/\/www.djelec.eu\/index.php?rest_route=\/wp\/v2\/types\/page"}],"author":[{"embeddable":true,"href":"https:\/\/www.djelec.eu\/index.php?rest_route=\/wp\/v2\/users\/1"}],"replies":[{"embeddable":true,"href":"https:\/\/www.djelec.eu\/index.php?rest_route=%2Fwp%2Fv2%2Fcomments&post=33"}],"version-history":[{"count":4,"href":"https:\/\/www.djelec.eu\/index.php?rest_route=\/wp\/v2\/pages\/33\/revisions"}],"predecessor-version":[{"id":517,"href":"https:\/\/www.djelec.eu\/index.php?rest_route=\/wp\/v2\/pages\/33\/revisions\/517"}],"wp:attachment":[{"href":"https:\/\/www.djelec.eu\/index.php?rest_route=%2Fwp%2Fv2%2Fmedia&parent=33"}],"curies":[{"name":"wp","href":"https:\/\/api.w.org\/{rel}","templated":true}]}}