{"id":31,"date":"2019-03-06T10:13:19","date_gmt":"2019-03-06T09:13:19","guid":{"rendered":"https:\/\/www.djelec.eu\/?page_id=31"},"modified":"2021-03-11T08:01:05","modified_gmt":"2021-03-11T07:01:05","slug":"depannage","status":"publish","type":"page","link":"https:\/\/www.djelec.eu\/?page_id=31","title":{"rendered":"D\u00e9pannage"},"content":{"rendered":"<p>&nbsp;<\/p>\n<blockquote>\n<p class=\"Style3\"><span style=\"font-size: 14px;\"><strong>\u00a0Installation existante<\/strong><\/span><br \/>\n<span style=\"font-size: 14px;\"><strong>\u00a0Reprise installation<\/strong><\/span><br \/>\n<span style=\"font-size: 14px;\"><strong>\u00a0Industrielle et tertiaire<\/strong><\/span><\/p>\n<\/blockquote>\n<p>&nbsp;<\/p>\n<p class=\"Style7\"><strong><span style=\"font-size: 16px; color: #ff0000;\">Mise en s\u00e9curit\u00e9 \u00e9lectrique : norme UTE exp\u00e9rimentale XP C 16-600<\/span><\/strong><\/p>\n<p class=\"Style3\" align=\"justify\"><strong>La mise en s\u00e9curit\u00e9<\/strong>, qui ne n\u00e9cessite pas de gros travaux, concerne les habitations ou logements dont l&rsquo;installation n&rsquo;est pas ou plus en s\u00e9curit\u00e9. Elle consiste \u00e0 respecter des dispositions minimales pour une mise hors danger de l&rsquo;installation \u00e9lectrique.<\/p>\n<p class=\"Style3\" align=\"justify\">Le champ d&rsquo;application de ce diagnostic \u00e9lectrique porte sur l&rsquo;ensemble de l&rsquo;installation d&rsquo;\u00e9lectricit\u00e9 privative, visibles, visitables de l&rsquo;installation des immeubles \u00e0 usage d&rsquo;habitation situ\u00e9e en aval de l&rsquo;appareil g\u00e9n\u00e9ral de commande et de protection de cette installation.<\/p>\n<p class=\"Style3\" align=\"justify\">Le diagnostic concerne l&rsquo;ensemble des circuits de toutes tensions et natures de courant associ\u00e9s en vue de l&rsquo;utilisation de l&rsquo;\u00e9nergie \u00e9lectrique. Le diagnostic s&rsquo;effectue, sans d\u00e9placement de meubles ni d\u00e9montage de l&rsquo;installation \u00e9lectrique ni destruction des isolants des c\u00e2bles.<\/p>\n<p class=\"Style6\"><span style=\"font-size: 16px; color: #ff0000;\"><strong><span class=\"Style8\">Mise en conformit\u00e9 : norme\u00a0NFC-15-100<\/span><\/strong><\/span><\/p>\n<p class=\"Style3\"><span class=\"Style8\"><strong>Les axes principaux de la NFC-15-100\u00a0<\/strong><\/span><br \/>\nAugmenter la s\u00e9curit\u00e9 des utilisateurs permettre le bon fonctionnement des installations \u00e9lectriques s&rsquo;adapter aux besoins actuels (plus d&rsquo;appareils m\u00e9nagers et de mat\u00e9riel multi m\u00e9dia : TV, ordinateurs &#8230; )<\/p>\n<p class=\"Style3\"><span class=\"Style8\"><strong>Les installations concern\u00e9es\u00a0<\/strong><\/span><br \/>\nLa nouvelle norme NFC 15-100 s&rsquo;applique aux b\u00e2timents neufs, aux installations neuves des b\u00e2timents existants : r\u00e9novation totale modification, extension (et parties existantes concern\u00e9es).<\/p>\n<p>&nbsp;<\/p>\n<p class=\"Style7\"><span style=\"color: #ff0000;\"><strong><span style=\"font-size: 16px;\">Monoxyde de carbone<\/span><\/strong><\/span><\/p>\n<p style=\"text-align: center;\">\n<p style=\"text-align: center;\"><a href=\"https:\/\/www.djelec.eu\/wp-content\/uploads\/2021\/03\/monoxyde.jpg\"><img fetchpriority=\"high\" decoding=\"async\" class=\"alignnone wp-image-504 size-full\" src=\"https:\/\/www.djelec.eu\/wp-content\/uploads\/2021\/03\/monoxyde.jpg\" alt=\"\" width=\"620\" height=\"344\" srcset=\"https:\/\/www.djelec.eu\/wp-content\/uploads\/2021\/03\/monoxyde.jpg 620w, https:\/\/www.djelec.eu\/wp-content\/uploads\/2021\/03\/monoxyde-300x166.jpg 300w\" sizes=\"(max-width: 620px) 100vw, 620px\" \/><\/a><\/p>\n<p style=\"text-align: center;\"><strong>Intoxications au monoxyde de carbone : les chiffres &#8211; la surveillance\u00a0<\/strong><\/p>\n<p>&nbsp;<\/p>\n<p class=\"Style4 Style8\"><span style=\"font-size: 16px; color: #ff0000;\"><strong>Surveillance<\/strong><\/span><\/p>\n<p class=\"Style3\">La persistance des intoxications au monoxyde de carbone tous les ans d\u00e8s le d\u00e9but de la p\u00e9riode de chauffe montrent combien les efforts d\u00e9ploy\u00e9s pour lutter contre ces intoxications doivent \u00eatre encore intensifi\u00e9s.<\/p>\n<p class=\"Style3\">A cette fin, un nouveau dispositif de surveillance des intoxications au monoxyde de carbone a \u00e9t\u00e9 mis en place par l\u2019Institut de Veille Sanitaire. G\u00e9n\u00e9ralis\u00e9 \u00e0 toute la France depuis janvier 2005, ce dispositif vise un double objectif : l\u2019alerte \u00e0 vis\u00e9e pr\u00e9ventive imm\u00e9diate afin d\u2019\u00e9carter les personnes expos\u00e9es de la source de monoxyde de carbone et de pr\u00e9venir les premi\u00e8res intoxications ou r\u00e9cidives par la gestion du risque, et l\u2019information \u00e0 vis\u00e9e \u00e9pid\u00e9miologique.<\/p>\n<p class=\"Style3\">Le syst\u00e8me de surveillance des cas d\u2019intoxications repose sur un dispositif de d\u00e9claration par :<\/p>\n<ul>\n<li class=\"Style3\">Les services d\u2019urgence des h\u00f4pitaux<\/li>\n<li class=\"Style3\">Les services d\u2019oxyg\u00e9noth\u00e9rapie hyperbare<\/li>\n<li class=\"Style3\">Les services d\u2019incendie et de secours (Sdis)<\/li>\n<li class=\"Style3\">Les laboratoires d \u2019analyses m\u00e9dicales<\/li>\n<li class=\"Style3\">Les m \u00e9decins g\u00e9n\u00e9ralistes\u2026<\/li>\n<\/ul>\n<p class=\"Style3\">Les signalements sont re\u00e7us en fonction de l\u2019organisation mise en place au niveau r\u00e9gional dans les Ddass, les services communaux d\u2019hygi\u00e8ne et de sant\u00e9 (SCHS) pour les municipalit\u00e9s qui en disposent, ou encore dans les CAP.<\/p>\n<p class=\"Style3\">A la suite d\u2019un signalement, des enqu\u00eates environnementales et m\u00e9dicales sont mises en \u0153uvre pour d\u00e9crire les cas et identifier l\u2019origine de l\u2019intoxication.<\/p>\n<p class=\"Style3\">L\u2019ensemble des donn\u00e9es est recueilli par questionnaires standardis\u00e9s dans une application informatique mis \u00e0 disposition par l\u2019Institut de Veille Sanitaire.<\/p>\n<p class=\"Style3\">Pour en savoir plus :\u00a0<strong>Le syst\u00e8me de surveillance 4.2<\/strong><br \/>\nChiffres Le nombre annuel de d\u00e9c\u00e8s par intoxication au monoxyde de carbone\u00a0(hors incendies et suicides) est pass\u00e9 de pr\u00e8s de\u00a0300\u00a0cas \u00e0 la fin des ann\u00e9es\u00a0<strong>1970\u00a0<\/strong>\u00e0 une centaine de cas entre\u00a02000\u00a0et\u00a0<strong>2004<\/strong>, correspondant \u00e0 une diminution des taux de mortalit\u00e9 annuels de plus de\u00a0<strong>75%<\/strong>\u00a0en<strong>\u00a020\u00a0<\/strong>ans. Cependant, en\u00a0<strong>2006<\/strong>, il y a encore eu\u00a01 069 intoxications av\u00e9r\u00e9es dans l\u2019habitat d\u00e9clar\u00e9es au syst\u00e8me national de surveillance pilot\u00e9 par l\u2019Institut de Veille Sanitaire.\u00a02953\u00a0personnes ont \u00e9t\u00e9 impliqu\u00e9es dans ces intoxications ;\u00a01849\u00a0d\u2019entres elles ont \u00e9t\u00e9 conduites aux urgences,\u00a0602\u00a0ont \u00e9t\u00e9 hospitalis\u00e9es et\u00a044 sont d\u00e9c\u00e9d\u00e9es.<\/p>\n<p>&nbsp;<\/p>\n<p class=\"Style3\"><span class=\"Style8\" style=\"font-size: 16px; color: #ff0000;\"><strong>Le monoxyde de carbone (CO) est la premi\u00e8re cause de mortalit\u00e9 par intoxication aigu\u00eb en France<\/strong>.<\/span><\/p>\n<p>&nbsp;<\/p>\n<p class=\"Style3\"><strong>Pour en savoir plus :\u00a0<\/strong><\/p>\n<ul>\n<li class=\"Style3\">Les intoxications au monoxyde de carbone survenues en France m\u00e9tropolitaine en 2006. <span style=\"color: #000000;\">(<a class=\"menu-sstitre\" style=\"color: #000000;\" href=\"http:\/\/www.invs.sante.fr\/beh\/2010\/01\/beh_01_2010.pdf\" target=\"_blank\" rel=\"noopener noreferrer\">PDF &#8211; 457.8 k<\/a>)<\/span> Source : Direction g\u00e9n\u00e9rale de la sant\u00e9 Sous direction Pr\u00e9vention des risques li\u00e9s \u00e0 l\u00a0\u00bbenvironnement et \u00e0 l\u2019alimentation Bureau EA2<\/li>\n<li class=\"Style3\">Environnement int\u00e9rieur, accidents de la vie courante et maladies du travail 14, avenue Duquesne &#8211; 75007 Paris<\/li>\n<\/ul>\n<p>&nbsp;<\/p>\n<p class=\"Style4 Style8\"><strong>D\u00e9tecteur incendie (fum\u00e9e)<\/strong><\/p>\n<p>&nbsp;<\/p>\n<p><a href=\"https:\/\/www.djelec.eu\/wp-content\/uploads\/2021\/03\/detecteur.png\"><img decoding=\"async\" class=\"alignleft wp-image-505 size-full\" src=\"https:\/\/www.djelec.eu\/wp-content\/uploads\/2021\/03\/detecteur.png\" alt=\"\" width=\"263\" height=\"229\" \/><\/a><\/p>\n<p>&nbsp;<\/p>\n<p>La responsabilit\u00e9 de s\u2019\u00e9quiper d\u2019un d\u00e9tecteur de fum\u00e9e normalis\u00e9 incombe \u00e0 l&rsquo;occupant du logement.Comme le stipule le d\u00e9cret de janvier 2011, tous les lieux d\u2019habitations \u00e0 usage priv\u00e9 devront \u00eatre \u00e9quip\u00e9s d\u2019au moins un DAAF avant le 8 mars 2015.<\/p>\n<p class=\"Style3\" align=\"justify\"><strong>L&rsquo;installation d&rsquo;un d\u00e9tecteur de fum\u00e9e doit permettre :<\/strong><\/p>\n<ul>\n<li class=\"Style3\">De d\u00e9tecter les fum\u00e9es \u00e9mises d\u00e8s le d\u00e9but d&rsquo;un incendie<\/li>\n<li class=\"Style3\">\u00c9mettre imm\u00e9diatement un signal sonore suffisant pour permettre de r\u00e9veiller une personne endormie.<\/li>\n<li class=\"Style3\">Contr\u00f4le fonctionnel par \u00e9mission d\u2019un avertisseur lumineux rouge une fois par minute<\/li>\n<li class=\"Style3\">Installation rapide par nos services pour un appareil NF<\/li>\n<\/ul>\n<p>&nbsp;<\/p>\n<p>&nbsp;<\/p>\n<p>&nbsp;<\/p>\n<p>&nbsp;<\/p>\n<p><span style=\"color: #ff0000;\"><strong>Parlez de nous sur vos r\u00e9seaux sociaux favoris :<\/strong><\/span><\/p>\n","protected":false},"excerpt":{"rendered":"<p>&nbsp; \u00a0Installation existante \u00a0Reprise installation \u00a0Industrielle et tertiaire &nbsp; Mise en s\u00e9curit\u00e9 \u00e9lectrique : norme UTE exp\u00e9rimentale XP C 16-600 La mise en s\u00e9curit\u00e9, qui ne n\u00e9cessite pas de gros travaux, concerne les habitations ou logements dont l&rsquo;installation n&rsquo;est pas &hellip; <a href=\"https:\/\/www.djelec.eu\/?page_id=31\">Read more<\/a><\/p>\n","protected":false},"author":1,"featured_media":59,"parent":0,"menu_order":0,"comment_status":"closed","ping_status":"closed","template":"","meta":{"footnotes":""},"class_list":["post-31","page","type-page","status-publish","has-post-thumbnail","hentry"],"yoast_head":"<!-- This site is optimized with the Yoast SEO plugin v26.3 - https:\/\/yoast.com\/wordpress\/plugins\/seo\/ -->\n<title>D\u00e9pannage - D&amp;J Electricit\u00e9<\/title>\n<meta name=\"robots\" content=\"index, follow, max-snippet:-1, max-image-preview:large, max-video-preview:-1\" \/>\n<link rel=\"canonical\" href=\"https:\/\/www.djelec.eu\/?page_id=31\" \/>\n<meta property=\"og:locale\" content=\"fr_FR\" \/>\n<meta property=\"og:type\" content=\"article\" \/>\n<meta property=\"og:title\" content=\"D\u00e9pannage - D&amp;J Electricit\u00e9\" \/>\n<meta property=\"og:description\" content=\"&nbsp; \u00a0Installation existante \u00a0Reprise installation \u00a0Industrielle et tertiaire &nbsp; Mise en s\u00e9curit\u00e9 \u00e9lectrique : norme UTE exp\u00e9rimentale XP C 16-600 La mise en s\u00e9curit\u00e9, qui ne n\u00e9cessite pas de gros travaux, concerne les habitations ou logements dont l&rsquo;installation n&rsquo;est pas &hellip; Read more\" \/>\n<meta property=\"og:url\" content=\"https:\/\/www.djelec.eu\/?page_id=31\" \/>\n<meta property=\"og:site_name\" content=\"D&amp;J Electricit\u00e9\" \/>\n<meta property=\"article:publisher\" content=\"https:\/\/www.facebook.com\/djelecantibes\" \/>\n<meta property=\"article:modified_time\" content=\"2021-03-11T07:01:05+00:00\" \/>\n<meta property=\"og:image\" content=\"https:\/\/www.djelec.eu\/wp-content\/uploads\/2019\/03\/70d4c9_338c4e7dd1514671945cd567c059824f_mv2_d_2800_1867_s_2.jpg\" \/>\n\t<meta property=\"og:image:width\" content=\"1920\" \/>\n\t<meta property=\"og:image:height\" content=\"500\" \/>\n\t<meta property=\"og:image:type\" content=\"image\/jpeg\" \/>\n<meta name=\"twitter:card\" content=\"summary_large_image\" \/>\n<meta name=\"twitter:label1\" content=\"Dur\u00e9e de lecture estim\u00e9e\" \/>\n\t<meta name=\"twitter:data1\" content=\"4 minutes\" \/>\n<script type=\"application\/ld+json\" class=\"yoast-schema-graph\">{\"@context\":\"https:\/\/schema.org\",\"@graph\":[{\"@type\":\"WebPage\",\"@id\":\"https:\/\/www.djelec.eu\/?page_id=31\",\"url\":\"https:\/\/www.djelec.eu\/?page_id=31\",\"name\":\"D\u00e9pannage - D&amp;J Electricit\u00e9\",\"isPartOf\":{\"@id\":\"https:\/\/www.djelec.eu\/#website\"},\"primaryImageOfPage\":{\"@id\":\"https:\/\/www.djelec.eu\/?page_id=31#primaryimage\"},\"image\":{\"@id\":\"https:\/\/www.djelec.eu\/?page_id=31#primaryimage\"},\"thumbnailUrl\":\"https:\/\/www.djelec.eu\/wp-content\/uploads\/2019\/03\/70d4c9_338c4e7dd1514671945cd567c059824f_mv2_d_2800_1867_s_2.jpg\",\"datePublished\":\"2019-03-06T09:13:19+00:00\",\"dateModified\":\"2021-03-11T07:01:05+00:00\",\"breadcrumb\":{\"@id\":\"https:\/\/www.djelec.eu\/?page_id=31#breadcrumb\"},\"inLanguage\":\"fr-FR\",\"potentialAction\":[{\"@type\":\"ReadAction\",\"target\":[\"https:\/\/www.djelec.eu\/?page_id=31\"]}]},{\"@type\":\"ImageObject\",\"inLanguage\":\"fr-FR\",\"@id\":\"https:\/\/www.djelec.eu\/?page_id=31#primaryimage\",\"url\":\"https:\/\/www.djelec.eu\/wp-content\/uploads\/2019\/03\/70d4c9_338c4e7dd1514671945cd567c059824f_mv2_d_2800_1867_s_2.jpg\",\"contentUrl\":\"https:\/\/www.djelec.eu\/wp-content\/uploads\/2019\/03\/70d4c9_338c4e7dd1514671945cd567c059824f_mv2_d_2800_1867_s_2.jpg\",\"width\":1920,\"height\":500},{\"@type\":\"BreadcrumbList\",\"@id\":\"https:\/\/www.djelec.eu\/?page_id=31#breadcrumb\",\"itemListElement\":[{\"@type\":\"ListItem\",\"position\":1,\"name\":\"Accueil\",\"item\":\"https:\/\/www.djelec.eu\/\"},{\"@type\":\"ListItem\",\"position\":2,\"name\":\"D\u00e9pannage\"}]},{\"@type\":\"WebSite\",\"@id\":\"https:\/\/www.djelec.eu\/#website\",\"url\":\"https:\/\/www.djelec.eu\/\",\"name\":\"D&amp;J Electricit\u00e9\",\"description\":\"Installation et r\u00e9novation, professionnels et particuliers\",\"publisher\":{\"@id\":\"https:\/\/www.djelec.eu\/#organization\"},\"potentialAction\":[{\"@type\":\"SearchAction\",\"target\":{\"@type\":\"EntryPoint\",\"urlTemplate\":\"https:\/\/www.djelec.eu\/?s={search_term_string}\"},\"query-input\":{\"@type\":\"PropertyValueSpecification\",\"valueRequired\":true,\"valueName\":\"search_term_string\"}}],\"inLanguage\":\"fr-FR\"},{\"@type\":\"Organization\",\"@id\":\"https:\/\/www.djelec.eu\/#organization\",\"name\":\"D&J Electricit\u00e9\",\"url\":\"https:\/\/www.djelec.eu\/\",\"logo\":{\"@type\":\"ImageObject\",\"inLanguage\":\"fr-FR\",\"@id\":\"https:\/\/www.djelec.eu\/#\/schema\/logo\/image\/\",\"url\":\"https:\/\/www.djelec.eu\/wp-content\/uploads\/2019\/03\/logo-1.jpg\",\"contentUrl\":\"https:\/\/www.djelec.eu\/wp-content\/uploads\/2019\/03\/logo-1.jpg\",\"width\":325,\"height\":120,\"caption\":\"D&J Electricit\u00e9\"},\"image\":{\"@id\":\"https:\/\/www.djelec.eu\/#\/schema\/logo\/image\/\"},\"sameAs\":[\"https:\/\/www.facebook.com\/djelecantibes\",\"https:\/\/www.linkedin.com\/in\/david-quintela-56000427\/?originalSubdomain=fr\"]}]}<\/script>\n<!-- \/ Yoast SEO plugin. -->","yoast_head_json":{"title":"D\u00e9pannage - D&amp;J Electricit\u00e9","robots":{"index":"index","follow":"follow","max-snippet":"max-snippet:-1","max-image-preview":"max-image-preview:large","max-video-preview":"max-video-preview:-1"},"canonical":"https:\/\/www.djelec.eu\/?page_id=31","og_locale":"fr_FR","og_type":"article","og_title":"D\u00e9pannage - D&amp;J Electricit\u00e9","og_description":"&nbsp; \u00a0Installation existante \u00a0Reprise installation \u00a0Industrielle et tertiaire &nbsp; Mise en s\u00e9curit\u00e9 \u00e9lectrique : norme UTE exp\u00e9rimentale XP C 16-600 La mise en s\u00e9curit\u00e9, qui ne n\u00e9cessite pas de gros travaux, concerne les habitations ou logements dont l&rsquo;installation n&rsquo;est pas &hellip; Read more","og_url":"https:\/\/www.djelec.eu\/?page_id=31","og_site_name":"D&amp;J Electricit\u00e9","article_publisher":"https:\/\/www.facebook.com\/djelecantibes","article_modified_time":"2021-03-11T07:01:05+00:00","og_image":[{"width":1920,"height":500,"url":"https:\/\/www.djelec.eu\/wp-content\/uploads\/2019\/03\/70d4c9_338c4e7dd1514671945cd567c059824f_mv2_d_2800_1867_s_2.jpg","type":"image\/jpeg"}],"twitter_card":"summary_large_image","twitter_misc":{"Dur\u00e9e de lecture estim\u00e9e":"4 minutes"},"schema":{"@context":"https:\/\/schema.org","@graph":[{"@type":"WebPage","@id":"https:\/\/www.djelec.eu\/?page_id=31","url":"https:\/\/www.djelec.eu\/?page_id=31","name":"D\u00e9pannage - D&amp;J Electricit\u00e9","isPartOf":{"@id":"https:\/\/www.djelec.eu\/#website"},"primaryImageOfPage":{"@id":"https:\/\/www.djelec.eu\/?page_id=31#primaryimage"},"image":{"@id":"https:\/\/www.djelec.eu\/?page_id=31#primaryimage"},"thumbnailUrl":"https:\/\/www.djelec.eu\/wp-content\/uploads\/2019\/03\/70d4c9_338c4e7dd1514671945cd567c059824f_mv2_d_2800_1867_s_2.jpg","datePublished":"2019-03-06T09:13:19+00:00","dateModified":"2021-03-11T07:01:05+00:00","breadcrumb":{"@id":"https:\/\/www.djelec.eu\/?page_id=31#breadcrumb"},"inLanguage":"fr-FR","potentialAction":[{"@type":"ReadAction","target":["https:\/\/www.djelec.eu\/?page_id=31"]}]},{"@type":"ImageObject","inLanguage":"fr-FR","@id":"https:\/\/www.djelec.eu\/?page_id=31#primaryimage","url":"https:\/\/www.djelec.eu\/wp-content\/uploads\/2019\/03\/70d4c9_338c4e7dd1514671945cd567c059824f_mv2_d_2800_1867_s_2.jpg","contentUrl":"https:\/\/www.djelec.eu\/wp-content\/uploads\/2019\/03\/70d4c9_338c4e7dd1514671945cd567c059824f_mv2_d_2800_1867_s_2.jpg","width":1920,"height":500},{"@type":"BreadcrumbList","@id":"https:\/\/www.djelec.eu\/?page_id=31#breadcrumb","itemListElement":[{"@type":"ListItem","position":1,"name":"Accueil","item":"https:\/\/www.djelec.eu\/"},{"@type":"ListItem","position":2,"name":"D\u00e9pannage"}]},{"@type":"WebSite","@id":"https:\/\/www.djelec.eu\/#website","url":"https:\/\/www.djelec.eu\/","name":"D&amp;J Electricit\u00e9","description":"Installation et r\u00e9novation, professionnels et particuliers","publisher":{"@id":"https:\/\/www.djelec.eu\/#organization"},"potentialAction":[{"@type":"SearchAction","target":{"@type":"EntryPoint","urlTemplate":"https:\/\/www.djelec.eu\/?s={search_term_string}"},"query-input":{"@type":"PropertyValueSpecification","valueRequired":true,"valueName":"search_term_string"}}],"inLanguage":"fr-FR"},{"@type":"Organization","@id":"https:\/\/www.djelec.eu\/#organization","name":"D&J Electricit\u00e9","url":"https:\/\/www.djelec.eu\/","logo":{"@type":"ImageObject","inLanguage":"fr-FR","@id":"https:\/\/www.djelec.eu\/#\/schema\/logo\/image\/","url":"https:\/\/www.djelec.eu\/wp-content\/uploads\/2019\/03\/logo-1.jpg","contentUrl":"https:\/\/www.djelec.eu\/wp-content\/uploads\/2019\/03\/logo-1.jpg","width":325,"height":120,"caption":"D&J Electricit\u00e9"},"image":{"@id":"https:\/\/www.djelec.eu\/#\/schema\/logo\/image\/"},"sameAs":["https:\/\/www.facebook.com\/djelecantibes","https:\/\/www.linkedin.com\/in\/david-quintela-56000427\/?originalSubdomain=fr"]}]}},"_links":{"self":[{"href":"https:\/\/www.djelec.eu\/index.php?rest_route=\/wp\/v2\/pages\/31","targetHints":{"allow":["GET"]}}],"collection":[{"href":"https:\/\/www.djelec.eu\/index.php?rest_route=\/wp\/v2\/pages"}],"about":[{"href":"https:\/\/www.djelec.eu\/index.php?rest_route=\/wp\/v2\/types\/page"}],"author":[{"embeddable":true,"href":"https:\/\/www.djelec.eu\/index.php?rest_route=\/wp\/v2\/users\/1"}],"replies":[{"embeddable":true,"href":"https:\/\/www.djelec.eu\/index.php?rest_route=%2Fwp%2Fv2%2Fcomments&post=31"}],"version-history":[{"count":3,"href":"https:\/\/www.djelec.eu\/index.php?rest_route=\/wp\/v2\/pages\/31\/revisions"}],"predecessor-version":[{"id":506,"href":"https:\/\/www.djelec.eu\/index.php?rest_route=\/wp\/v2\/pages\/31\/revisions\/506"}],"wp:featuredmedia":[{"embeddable":true,"href":"https:\/\/www.djelec.eu\/index.php?rest_route=\/wp\/v2\/media\/59"}],"wp:attachment":[{"href":"https:\/\/www.djelec.eu\/index.php?rest_route=%2Fwp%2Fv2%2Fmedia&parent=31"}],"curies":[{"name":"wp","href":"https:\/\/api.w.org\/{rel}","templated":true}]}}