{"id":23,"date":"2019-03-06T10:06:14","date_gmt":"2019-03-06T09:06:14","guid":{"rendered":"https:\/\/www.djelec.eu\/?page_id=23"},"modified":"2021-03-12T11:17:54","modified_gmt":"2021-03-12T10:17:54","slug":"alarme","status":"publish","type":"page","link":"https:\/\/www.djelec.eu\/?page_id=23","title":{"rendered":"ALARME"},"content":{"rendered":"<p class=\"Style3\" align=\"justify\">Les syst\u00e8mes de protection d\u00e9tectent les tentatives d\u2019intrusion, dissuadent les intrus, donnent l\u2019alerte et pr\u00e9viennent par t\u00e9l\u00e9phone. De nombreux p\u00e9riph\u00e9riques offrent une multitude de fonctionnalit\u00e9s telles que, par exemple, la surveillance des mouvements, m\u00eame en environnement difficile, ainsi que celle des risques domestiques potentiels.<\/p>\n<p class=\"Style3\" align=\"justify\">Les syst\u00e8mes d\u2019alarme peuvent \u00eatre compl\u00e9t\u00e9s par la t\u00e9l\u00e9surveillance qui permet une s\u00e9curit\u00e9 accrue des locaux via un transmetteur t\u00e9l\u00e9phonique.<\/p>\n<p class=\"Style9\" align=\"justify\">LA NORME NF A2P<\/p>\n<p class=\"Style3\" align=\"justify\">La norme\u00a0<strong>NF A2P<\/strong>\u00a0est l&rsquo;association de la norme NF (d\u00e9livr\u00e9e par AFNOR) et de la norme\u00a0<strong>A2P<\/strong>. D\u00e9livr\u00e9e par le Centre National de Pr\u00e9vention et de Protection (CNPP), la norme\u00a0<strong>A2P<\/strong>\u00a0est une certification t\u00e9moignant du degr\u00e9 de r\u00e9sistance d&rsquo;un appareil d&rsquo;alarme aux tentatives de neutralisation (brouillage, d\u00e9sactivation, destruction).<\/p>\n<p class=\"Style3\" align=\"justify\">La norme\u00a0<strong>A2P<\/strong>\u00a0concerne les produits d&rsquo;alarme du type centrales d&rsquo;alarme, d\u00e9tecteurs de mouvement, d\u00e9tecteurs p\u00e9riph\u00e9riques, sir\u00e8nes d&rsquo;alarme et transmetteurs t\u00e9l\u00e9phoniques.<\/p>\n<p align=\"justify\">\n<p align=\"justify\"><a href=\"https:\/\/www.djelec.eu\/wp-content\/uploads\/2021\/03\/t\u00e9l\u00e9chargement.jpg\"><img fetchpriority=\"high\" decoding=\"async\" class=\"alignnone size-full wp-image-554\" src=\"https:\/\/www.djelec.eu\/wp-content\/uploads\/2021\/03\/t\u00e9l\u00e9chargement.jpg\" alt=\"\" width=\"284\" height=\"177\" \/><\/a><\/p>\n<p align=\"justify\">\n<p align=\"justify\"><iframe width=\"560\" height=\"314\" src=\"\/\/www.youtube.com\/embed\/RRbvzVAwUr4\"><\/iframe><\/p>\n<p align=\"justify\"><span style=\"color: #ff0000;\"><strong>Parlez de nous sur vos r\u00e9seaux sociaux favoris :<\/strong><\/span><\/p>\n","protected":false},"excerpt":{"rendered":"<p>Les syst\u00e8mes de protection d\u00e9tectent les tentatives d\u2019intrusion, dissuadent les intrus, donnent l\u2019alerte et pr\u00e9viennent par t\u00e9l\u00e9phone. De nombreux p\u00e9riph\u00e9riques offrent une multitude de fonctionnalit\u00e9s telles que, par exemple, la surveillance des mouvements, m\u00eame en environnement difficile, ainsi que celle &hellip; <a href=\"https:\/\/www.djelec.eu\/?page_id=23\">Read more<\/a><\/p>\n","protected":false},"author":1,"featured_media":0,"parent":0,"menu_order":0,"comment_status":"closed","ping_status":"closed","template":"","meta":{"footnotes":""},"class_list":["post-23","page","type-page","status-publish","hentry"],"yoast_head":"<!-- This site is optimized with the Yoast SEO plugin v26.3 - https:\/\/yoast.com\/wordpress\/plugins\/seo\/ -->\n<title>ALARME - D&amp;J Electricit\u00e9<\/title>\n<meta name=\"robots\" content=\"index, follow, max-snippet:-1, max-image-preview:large, max-video-preview:-1\" \/>\n<link rel=\"canonical\" href=\"https:\/\/www.djelec.eu\/?page_id=23\" \/>\n<meta property=\"og:locale\" content=\"fr_FR\" \/>\n<meta property=\"og:type\" content=\"article\" \/>\n<meta property=\"og:title\" content=\"ALARME - D&amp;J Electricit\u00e9\" \/>\n<meta property=\"og:description\" content=\"Les syst\u00e8mes de protection d\u00e9tectent les tentatives d\u2019intrusion, dissuadent les intrus, donnent l\u2019alerte et pr\u00e9viennent par t\u00e9l\u00e9phone. De nombreux p\u00e9riph\u00e9riques offrent une multitude de fonctionnalit\u00e9s telles que, par exemple, la surveillance des mouvements, m\u00eame en environnement difficile, ainsi que celle &hellip; Read more\" \/>\n<meta property=\"og:url\" content=\"https:\/\/www.djelec.eu\/?page_id=23\" \/>\n<meta property=\"og:site_name\" content=\"D&amp;J Electricit\u00e9\" \/>\n<meta property=\"article:publisher\" content=\"https:\/\/www.facebook.com\/djelecantibes\" \/>\n<meta property=\"article:modified_time\" content=\"2021-03-12T10:17:54+00:00\" \/>\n<meta name=\"twitter:card\" content=\"summary_large_image\" \/>\n<meta name=\"twitter:label1\" content=\"Dur\u00e9e de lecture estim\u00e9e\" \/>\n\t<meta name=\"twitter:data1\" content=\"1 minute\" \/>\n<script type=\"application\/ld+json\" class=\"yoast-schema-graph\">{\"@context\":\"https:\/\/schema.org\",\"@graph\":[{\"@type\":\"WebPage\",\"@id\":\"https:\/\/www.djelec.eu\/?page_id=23\",\"url\":\"https:\/\/www.djelec.eu\/?page_id=23\",\"name\":\"ALARME - D&amp;J Electricit\u00e9\",\"isPartOf\":{\"@id\":\"https:\/\/www.djelec.eu\/#website\"},\"datePublished\":\"2019-03-06T09:06:14+00:00\",\"dateModified\":\"2021-03-12T10:17:54+00:00\",\"breadcrumb\":{\"@id\":\"https:\/\/www.djelec.eu\/?page_id=23#breadcrumb\"},\"inLanguage\":\"fr-FR\",\"potentialAction\":[{\"@type\":\"ReadAction\",\"target\":[\"https:\/\/www.djelec.eu\/?page_id=23\"]}]},{\"@type\":\"BreadcrumbList\",\"@id\":\"https:\/\/www.djelec.eu\/?page_id=23#breadcrumb\",\"itemListElement\":[{\"@type\":\"ListItem\",\"position\":1,\"name\":\"Accueil\",\"item\":\"https:\/\/www.djelec.eu\/\"},{\"@type\":\"ListItem\",\"position\":2,\"name\":\"ALARME\"}]},{\"@type\":\"WebSite\",\"@id\":\"https:\/\/www.djelec.eu\/#website\",\"url\":\"https:\/\/www.djelec.eu\/\",\"name\":\"D&amp;J Electricit\u00e9\",\"description\":\"Installation et r\u00e9novation, professionnels et particuliers\",\"publisher\":{\"@id\":\"https:\/\/www.djelec.eu\/#organization\"},\"potentialAction\":[{\"@type\":\"SearchAction\",\"target\":{\"@type\":\"EntryPoint\",\"urlTemplate\":\"https:\/\/www.djelec.eu\/?s={search_term_string}\"},\"query-input\":{\"@type\":\"PropertyValueSpecification\",\"valueRequired\":true,\"valueName\":\"search_term_string\"}}],\"inLanguage\":\"fr-FR\"},{\"@type\":\"Organization\",\"@id\":\"https:\/\/www.djelec.eu\/#organization\",\"name\":\"D&J Electricit\u00e9\",\"url\":\"https:\/\/www.djelec.eu\/\",\"logo\":{\"@type\":\"ImageObject\",\"inLanguage\":\"fr-FR\",\"@id\":\"https:\/\/www.djelec.eu\/#\/schema\/logo\/image\/\",\"url\":\"https:\/\/www.djelec.eu\/wp-content\/uploads\/2019\/03\/logo-1.jpg\",\"contentUrl\":\"https:\/\/www.djelec.eu\/wp-content\/uploads\/2019\/03\/logo-1.jpg\",\"width\":325,\"height\":120,\"caption\":\"D&J Electricit\u00e9\"},\"image\":{\"@id\":\"https:\/\/www.djelec.eu\/#\/schema\/logo\/image\/\"},\"sameAs\":[\"https:\/\/www.facebook.com\/djelecantibes\",\"https:\/\/www.linkedin.com\/in\/david-quintela-56000427\/?originalSubdomain=fr\"]}]}<\/script>\n<!-- \/ Yoast SEO plugin. -->","yoast_head_json":{"title":"ALARME - D&amp;J Electricit\u00e9","robots":{"index":"index","follow":"follow","max-snippet":"max-snippet:-1","max-image-preview":"max-image-preview:large","max-video-preview":"max-video-preview:-1"},"canonical":"https:\/\/www.djelec.eu\/?page_id=23","og_locale":"fr_FR","og_type":"article","og_title":"ALARME - D&amp;J Electricit\u00e9","og_description":"Les syst\u00e8mes de protection d\u00e9tectent les tentatives d\u2019intrusion, dissuadent les intrus, donnent l\u2019alerte et pr\u00e9viennent par t\u00e9l\u00e9phone. De nombreux p\u00e9riph\u00e9riques offrent une multitude de fonctionnalit\u00e9s telles que, par exemple, la surveillance des mouvements, m\u00eame en environnement difficile, ainsi que celle &hellip; Read more","og_url":"https:\/\/www.djelec.eu\/?page_id=23","og_site_name":"D&amp;J Electricit\u00e9","article_publisher":"https:\/\/www.facebook.com\/djelecantibes","article_modified_time":"2021-03-12T10:17:54+00:00","twitter_card":"summary_large_image","twitter_misc":{"Dur\u00e9e de lecture estim\u00e9e":"1 minute"},"schema":{"@context":"https:\/\/schema.org","@graph":[{"@type":"WebPage","@id":"https:\/\/www.djelec.eu\/?page_id=23","url":"https:\/\/www.djelec.eu\/?page_id=23","name":"ALARME - D&amp;J Electricit\u00e9","isPartOf":{"@id":"https:\/\/www.djelec.eu\/#website"},"datePublished":"2019-03-06T09:06:14+00:00","dateModified":"2021-03-12T10:17:54+00:00","breadcrumb":{"@id":"https:\/\/www.djelec.eu\/?page_id=23#breadcrumb"},"inLanguage":"fr-FR","potentialAction":[{"@type":"ReadAction","target":["https:\/\/www.djelec.eu\/?page_id=23"]}]},{"@type":"BreadcrumbList","@id":"https:\/\/www.djelec.eu\/?page_id=23#breadcrumb","itemListElement":[{"@type":"ListItem","position":1,"name":"Accueil","item":"https:\/\/www.djelec.eu\/"},{"@type":"ListItem","position":2,"name":"ALARME"}]},{"@type":"WebSite","@id":"https:\/\/www.djelec.eu\/#website","url":"https:\/\/www.djelec.eu\/","name":"D&amp;J Electricit\u00e9","description":"Installation et r\u00e9novation, professionnels et particuliers","publisher":{"@id":"https:\/\/www.djelec.eu\/#organization"},"potentialAction":[{"@type":"SearchAction","target":{"@type":"EntryPoint","urlTemplate":"https:\/\/www.djelec.eu\/?s={search_term_string}"},"query-input":{"@type":"PropertyValueSpecification","valueRequired":true,"valueName":"search_term_string"}}],"inLanguage":"fr-FR"},{"@type":"Organization","@id":"https:\/\/www.djelec.eu\/#organization","name":"D&J Electricit\u00e9","url":"https:\/\/www.djelec.eu\/","logo":{"@type":"ImageObject","inLanguage":"fr-FR","@id":"https:\/\/www.djelec.eu\/#\/schema\/logo\/image\/","url":"https:\/\/www.djelec.eu\/wp-content\/uploads\/2019\/03\/logo-1.jpg","contentUrl":"https:\/\/www.djelec.eu\/wp-content\/uploads\/2019\/03\/logo-1.jpg","width":325,"height":120,"caption":"D&J Electricit\u00e9"},"image":{"@id":"https:\/\/www.djelec.eu\/#\/schema\/logo\/image\/"},"sameAs":["https:\/\/www.facebook.com\/djelecantibes","https:\/\/www.linkedin.com\/in\/david-quintela-56000427\/?originalSubdomain=fr"]}]}},"_links":{"self":[{"href":"https:\/\/www.djelec.eu\/index.php?rest_route=\/wp\/v2\/pages\/23","targetHints":{"allow":["GET"]}}],"collection":[{"href":"https:\/\/www.djelec.eu\/index.php?rest_route=\/wp\/v2\/pages"}],"about":[{"href":"https:\/\/www.djelec.eu\/index.php?rest_route=\/wp\/v2\/types\/page"}],"author":[{"embeddable":true,"href":"https:\/\/www.djelec.eu\/index.php?rest_route=\/wp\/v2\/users\/1"}],"replies":[{"embeddable":true,"href":"https:\/\/www.djelec.eu\/index.php?rest_route=%2Fwp%2Fv2%2Fcomments&post=23"}],"version-history":[{"count":2,"href":"https:\/\/www.djelec.eu\/index.php?rest_route=\/wp\/v2\/pages\/23\/revisions"}],"predecessor-version":[{"id":564,"href":"https:\/\/www.djelec.eu\/index.php?rest_route=\/wp\/v2\/pages\/23\/revisions\/564"}],"wp:attachment":[{"href":"https:\/\/www.djelec.eu\/index.php?rest_route=%2Fwp%2Fv2%2Fmedia&parent=23"}],"curies":[{"name":"wp","href":"https:\/\/api.w.org\/{rel}","templated":true}]}}